{"id":331,"date":"2021-04-14T09:28:32","date_gmt":"2021-04-14T09:28:32","guid":{"rendered":"https:\/\/hotel-lenz.de\/?page_id=331"},"modified":"2025-06-30T09:51:24","modified_gmt":"2025-06-30T09:51:24","slug":"restaurant","status":"publish","type":"page","link":"https:\/\/hotel-lenz.de\/en\/restaurant\/","title":{"rendered":"Restaurant"},"content":{"rendered":"<div data-elementor-type=\"wp-page\" data-elementor-id=\"331\" class=\"elementor elementor-331\">\n\t\t\t\t\t\t<section class=\"elementor-section elementor-top-section elementor-element elementor-element-fcd0b25 elementor-section-full_width elementor-section-height-default elementor-section-height-default parallax_section_no qode_elementor_container_no\" data-id=\"fcd0b25\" data-element_type=\"section\" data-e-type=\"section\" data-settings=\"{&quot;background_background&quot;:&quot;classic&quot;}\">\n\t\t\t\t\t\t<div class=\"elementor-container elementor-column-gap-default\">\n\t\t\t\t\t<div class=\"elementor-column elementor-col-100 elementor-top-column elementor-element elementor-element-d0025c0\" data-id=\"d0025c0\" data-element_type=\"column\" data-e-type=\"column\" data-settings=\"{&quot;background_background&quot;:&quot;classic&quot;}\">\n\t\t\t<div class=\"elementor-widget-wrap elementor-element-populated\">\n\t\t\t\t\t\t<section class=\"elementor-section elementor-inner-section elementor-element elementor-element-122d0e7 elementor-section-full_width qode_elementor_container_inner elementor-section-height-default elementor-section-height-default parallax_section_no\" data-id=\"122d0e7\" data-element_type=\"section\" data-e-type=\"section\">\n\t\t\t\t\t\t<div class=\"elementor-container elementor-column-gap-default\">\n\t\t\t\t\t<div class=\"elementor-column elementor-col-100 elementor-inner-column elementor-element elementor-element-37d4e7e\" data-id=\"37d4e7e\" data-element_type=\"column\" data-e-type=\"column\">\n\t\t\t<div class=\"elementor-widget-wrap elementor-element-populated\">\n\t\t\t\t\t\t<div class=\"elementor-element elementor-element-6f4de77 elementor-widget elementor-widget-spacer\" data-id=\"6f4de77\" data-element_type=\"widget\" data-e-type=\"widget\" data-widget_type=\"spacer.default\">\n\t\t\t\t<div class=\"elementor-widget-container\">\n\t\t\t\t\t\t\t<div class=\"elementor-spacer\">\n\t\t\t<div class=\"elementor-spacer-inner\"><\/div>\n\t\t<\/div>\n\t\t\t\t\t\t<\/div>\n\t\t\t\t<\/div>\n\t\t\t\t<div class=\"elementor-element elementor-element-e42b9b4 elementor-widget elementor-widget-heading\" data-id=\"e42b9b4\" data-element_type=\"widget\" data-e-type=\"widget\" data-widget_type=\"heading.default\">\n\t\t\t\t<div class=\"elementor-widget-container\">\n\t\t\t\t\t<div class=\"elementor-heading-title elementor-size-default\">OUR TEAM IS THERE FOR YOU <\/div>\t\t\t\t<\/div>\n\t\t\t\t<\/div>\n\t\t\t\t<div class=\"elementor-element elementor-element-75461da elementor-widget elementor-widget-spacer\" data-id=\"75461da\" data-element_type=\"widget\" data-e-type=\"widget\" data-widget_type=\"spacer.default\">\n\t\t\t\t<div class=\"elementor-widget-container\">\n\t\t\t\t\t\t\t<div class=\"elementor-spacer\">\n\t\t\t<div class=\"elementor-spacer-inner\"><\/div>\n\t\t<\/div>\n\t\t\t\t\t\t<\/div>\n\t\t\t\t<\/div>\n\t\t\t\t<div class=\"elementor-element elementor-element-96b21c0 elementor-widget elementor-widget-heading\" data-id=\"96b21c0\" data-element_type=\"widget\" data-e-type=\"widget\" data-widget_type=\"heading.default\">\n\t\t\t\t<div class=\"elementor-widget-container\">\n\t\t\t\t\t<h1 class=\"elementor-heading-title elementor-size-default\"><div>Enjoy the variety of regional foods <span style=\"color: var( --e-global-color-primary );letter-spacing: 0px\"><\/span><\/div><\/h1>\t\t\t\t<\/div>\n\t\t\t\t<\/div>\n\t\t\t\t\t<\/div>\n\t\t<\/div>\n\t\t\t\t\t<\/div>\n\t\t<\/section>\n\t\t\t\t\t<\/div>\n\t\t<\/div>\n\t\t\t\t\t<\/div>\n\t\t<\/section>\n\t\t\t\t<section class=\"elementor-section elementor-top-section elementor-element elementor-element-826f4fa elementor-section-full_width elementor-hidden-desktop elementor-section-height-default elementor-section-height-default parallax_section_no qode_elementor_container_no\" data-id=\"826f4fa\" data-element_type=\"section\" data-e-type=\"section\">\n\t\t\t\t\t\t<div class=\"elementor-container elementor-column-gap-default\">\n\t\t\t\t\t<div class=\"elementor-column elementor-col-100 elementor-top-column elementor-element elementor-element-308abad\" data-id=\"308abad\" data-element_type=\"column\" data-e-type=\"column\">\n\t\t\t<div class=\"elementor-widget-wrap elementor-element-populated\">\n\t\t\t\t\t\t<div class=\"elementor-element elementor-element-f1b82f5 elementor-widget elementor-widget-image\" data-id=\"f1b82f5\" data-element_type=\"widget\" data-e-type=\"widget\" data-widget_type=\"image.default\">\n\t\t\t\t<div class=\"elementor-widget-container\">\n\t\t\t\t\t\t\t\t\t\t\t\t\t\t\t<img fetchpriority=\"high\" decoding=\"async\" width=\"2560\" height=\"1707\" src=\"https:\/\/hotel-lenz.de\/wp-content\/uploads\/2021\/07\/IMG_1262-min-scaled.jpeg\" class=\"attachment-full size-full wp-image-710\" alt=\"Modern eingerichtetes Restaurant mit historischer Deckengestaltung\" srcset=\"https:\/\/hotel-lenz.de\/wp-content\/uploads\/2021\/07\/IMG_1262-min-scaled.jpeg 2560w, https:\/\/hotel-lenz.de\/wp-content\/uploads\/2021\/07\/IMG_1262-min-300x200.jpeg 300w, https:\/\/hotel-lenz.de\/wp-content\/uploads\/2021\/07\/IMG_1262-min-1024x683.jpeg 1024w, https:\/\/hotel-lenz.de\/wp-content\/uploads\/2021\/07\/IMG_1262-min-768x512.jpeg 768w, https:\/\/hotel-lenz.de\/wp-content\/uploads\/2021\/07\/IMG_1262-min-1536x1024.jpeg 1536w, https:\/\/hotel-lenz.de\/wp-content\/uploads\/2021\/07\/IMG_1262-min-2048x1365.jpeg 2048w, https:\/\/hotel-lenz.de\/wp-content\/uploads\/2021\/07\/IMG_1262-min-700x467.jpeg 700w, https:\/\/hotel-lenz.de\/wp-content\/uploads\/2021\/07\/IMG_1262-min-600x400.jpeg 600w\" sizes=\"(max-width: 2560px) 100vw, 2560px\" \/>\t\t\t\t\t\t\t\t\t\t\t\t\t\t\t<\/div>\n\t\t\t\t<\/div>\n\t\t\t\t\t<\/div>\n\t\t<\/div>\n\t\t\t\t\t<\/div>\n\t\t<\/section>\n\t\t\t\t<section style=\"background-image: url(https:\/\/hotel-lenz.de\/wp-content\/uploads\/2021\/07\/IMG_1262-min-scaled.jpeg);\" class=\"parallax_section_holder elementor-section elementor-top-section elementor-element elementor-element-a5b36c5 elementor-section-full_width parallax_section_holder elementor-hidden-mobile elementor-hidden-tablet elementor-section-height-default elementor-section-height-default qode_elementor_container_no\" data-speed=\"0\" data-id=\"a5b36c5\" data-element_type=\"section\" data-e-type=\"section\" data-settings=\"{&quot;qode_parallax_image&quot;:{&quot;url&quot;:&quot;https:\\\/\\\/hotel-lenz.de\\\/wp-content\\\/uploads\\\/2021\\\/07\\\/IMG_1262-min-scaled.jpeg&quot;,&quot;id&quot;:710,&quot;size&quot;:&quot;&quot;,&quot;alt&quot;:&quot;&quot;,&quot;source&quot;:&quot;library&quot;}}\">\n\t\t\t\t\t\t<div class=\"elementor-container elementor-column-gap-default\">\n\t\t\t\t\t<div class=\"elementor-column elementor-col-100 elementor-top-column elementor-element elementor-element-b876002\" data-id=\"b876002\" data-element_type=\"column\" data-e-type=\"column\" data-settings=\"{&quot;background_background&quot;:&quot;slideshow&quot;,&quot;background_slideshow_gallery&quot;:[],&quot;background_slideshow_loop&quot;:&quot;yes&quot;,&quot;background_slideshow_slide_duration&quot;:5000,&quot;background_slideshow_slide_transition&quot;:&quot;fade&quot;,&quot;background_slideshow_transition_duration&quot;:500}\">\n\t\t\t<div class=\"elementor-widget-wrap elementor-element-populated\">\n\t\t\t\t\t\t<div class=\"elementor-element elementor-element-ba12be3 elementor-widget elementor-widget-spacer\" data-id=\"ba12be3\" data-element_type=\"widget\" data-e-type=\"widget\" data-widget_type=\"spacer.default\">\n\t\t\t\t<div class=\"elementor-widget-container\">\n\t\t\t\t\t\t\t<div class=\"elementor-spacer\">\n\t\t\t<div class=\"elementor-spacer-inner\"><\/div>\n\t\t<\/div>\n\t\t\t\t\t\t<\/div>\n\t\t\t\t<\/div>\n\t\t\t\t\t<\/div>\n\t\t<\/div>\n\t\t\t\t\t<\/div>\n\t\t<\/section>\n\t\t\t\t<section class=\"elementor-section elementor-top-section elementor-element elementor-element-dc753bc elementor-section-boxed elementor-section-height-default elementor-section-height-default parallax_section_no qode_elementor_container_no\" data-id=\"dc753bc\" data-element_type=\"section\" data-e-type=\"section\" data-settings=\"{&quot;background_background&quot;:&quot;classic&quot;}\">\n\t\t\t\t\t\t<div class=\"elementor-container elementor-column-gap-default\">\n\t\t\t\t\t<div class=\"elementor-column elementor-col-100 elementor-top-column elementor-element elementor-element-dc7cd51\" data-id=\"dc7cd51\" data-element_type=\"column\" data-e-type=\"column\">\n\t\t\t<div class=\"elementor-widget-wrap elementor-element-populated\">\n\t\t\t\t\t\t<div class=\"elementor-element elementor-element-458fa0b elementor-widget elementor-widget-image\" data-id=\"458fa0b\" data-element_type=\"widget\" data-e-type=\"widget\" data-widget_type=\"image.default\">\n\t\t\t\t<div class=\"elementor-widget-container\">\n\t\t\t\t\t\t\t\t\t\t\t\t\t\t\t<img decoding=\"async\" width=\"800\" height=\"100\" src=\"https:\/\/hotel-lenz.de\/wp-content\/uploads\/2021\/11\/zitat-restaurant_en.png\" class=\"attachment-full size-full wp-image-462\" alt=\"Zitat: Essen und Trinken h\u00e4lt Leib und Seele zusammen.\" srcset=\"https:\/\/hotel-lenz.de\/wp-content\/uploads\/2021\/11\/zitat-restaurant_en.png 800w, https:\/\/hotel-lenz.de\/wp-content\/uploads\/2021\/11\/zitat-restaurant_en-300x38.png 300w, https:\/\/hotel-lenz.de\/wp-content\/uploads\/2021\/11\/zitat-restaurant_en-768x96.png 768w, https:\/\/hotel-lenz.de\/wp-content\/uploads\/2021\/11\/zitat-restaurant_en-18x2.png 18w, https:\/\/hotel-lenz.de\/wp-content\/uploads\/2021\/11\/zitat-restaurant_en-700x88.png 700w\" sizes=\"(max-width: 800px) 100vw, 800px\" \/>\t\t\t\t\t\t\t\t\t\t\t\t\t\t\t<\/div>\n\t\t\t\t<\/div>\n\t\t\t\t\t<\/div>\n\t\t<\/div>\n\t\t\t\t\t<\/div>\n\t\t<\/section>\n\t\t\t\t<section data-q_id=\"#essensangebot\" class=\"elementor-section elementor-top-section elementor-element elementor-element-1dc963c elementor-section-boxed elementor-section-height-default elementor-section-height-default parallax_section_no qode_elementor_container_no\" data-id=\"1dc963c\" data-element_type=\"section\" data-e-type=\"section\" data-settings=\"{&quot;background_background&quot;:&quot;classic&quot;}\">\n\t\t\t\t\t\t\t<div class=\"elementor-background-overlay\"><\/div>\n\t\t\t\t\t\t\t<div class=\"elementor-container elementor-column-gap-default\">\n\t\t\t\t\t<div class=\"elementor-column elementor-col-100 elementor-top-column elementor-element elementor-element-98e11e6\" data-id=\"98e11e6\" data-element_type=\"column\" data-e-type=\"column\">\n\t\t\t<div class=\"elementor-widget-wrap elementor-element-populated\">\n\t\t\t\t\t\t<div class=\"elementor-element elementor-element-8d3e3d9 elementor-widget elementor-widget-heading\" data-id=\"8d3e3d9\" data-element_type=\"widget\" data-e-type=\"widget\" data-widget_type=\"heading.default\">\n\t\t\t\t<div class=\"elementor-widget-container\">\n\t\t\t\t\t<h2 class=\"elementor-heading-title elementor-size-default\">Our breakfast<\/h2>\t\t\t\t<\/div>\n\t\t\t\t<\/div>\n\t\t\t\t<div class=\"elementor-element elementor-element-505869a elementor-widget elementor-widget-text-editor\" data-id=\"505869a\" data-element_type=\"widget\" data-e-type=\"widget\" data-widget_type=\"text-editor.default\">\n\t\t\t\t<div class=\"elementor-widget-container\">\n\t\t\t\t\t\t\t\t\t<p>The day starts with fresh rolls and cold cuts,  supplied by the Paul Butchery, which, like all our suppliers, is committed to sustainability. The meat comes from the immediate vicinity and is refined only with natural spices - without artificial additives. You prefer it sweet? Then you can look forward to jam and honey from the Honig-Hof G\u00f6ken. Coffee from the Fulda coffee roastery Reinholz, milk from regional farms, tea from Bioteaque and muesli from best M\u00fcsli rounds off your breakfast perfectly. Our range of vegan and lactose-free products is also constantly being revised and expanded.<\/p>\t\t\t\t\t\t\t\t<\/div>\n\t\t\t\t<\/div>\n\t\t\t\t<div class=\"elementor-element elementor-element-7048ce5 elementor-widget elementor-widget-heading\" data-id=\"7048ce5\" data-element_type=\"widget\" data-e-type=\"widget\" data-widget_type=\"heading.default\">\n\t\t\t\t<div class=\"elementor-widget-container\">\n\t\t\t\t\t<h2 class=\"elementor-heading-title elementor-size-default\">Hot meals<\/h2>\t\t\t\t<\/div>\n\t\t\t\t<\/div>\n\t\t\t\t<div class=\"elementor-element elementor-element-a40a0fa elementor-widget elementor-widget-text-editor\" data-id=\"a40a0fa\" data-element_type=\"widget\" data-e-type=\"widget\" data-widget_type=\"text-editor.default\">\n\t\t\t\t<div class=\"elementor-widget-container\">\n\t\t\t\t\t\t\t\t\t<p>If you stay with us, you are also welcome to enjoy our dinner - whether you prefer it classic, vegetarian or vegan. Here, too, our kitchen team relies on regional products and natural processing. Of course, we take possible allergies or intolerances of our guests into account. In addition, we offer our conference guests an individually tailored lunch.<\/p>\t\t\t\t\t\t\t\t<\/div>\n\t\t\t\t<\/div>\n\t\t\t\t<div class=\"elementor-element elementor-element-32eecb2 elementor-widget elementor-widget-heading\" data-id=\"32eecb2\" data-element_type=\"widget\" data-e-type=\"widget\" data-widget_type=\"heading.default\">\n\t\t\t\t<div class=\"elementor-widget-container\">\n\t\t\t\t\t<h2 class=\"elementor-heading-title elementor-size-default\">Packed lunches<\/h2>\t\t\t\t<\/div>\n\t\t\t\t<\/div>\n\t\t\t\t<div class=\"elementor-element elementor-element-a53daa8 elementor-widget elementor-widget-text-editor\" data-id=\"a53daa8\" data-element_type=\"widget\" data-e-type=\"widget\" data-widget_type=\"text-editor.default\">\n\t\t\t\t<div class=\"elementor-widget-container\">\n\t\t\t\t\t\t\t\t\t<p>You don\u2019t have time for breakfast or want to take a little something with you on the go? Feel free to contact us the day before and we will prepare an individual lunch package for you.<\/p>\t\t\t\t\t\t\t\t<\/div>\n\t\t\t\t<\/div>\n\t\t\t\t<div class=\"elementor-element elementor-element-92f7b81 elementor-widget elementor-widget-text-editor\" data-id=\"92f7b81\" data-element_type=\"widget\" data-e-type=\"widget\" data-widget_type=\"text-editor.default\">\n\t\t\t\t<div class=\"elementor-widget-container\">\n\t\t\t\t\t\t\t\t\t<p><strong>LET OUR TEAM SPOIL YOU WITH CULINARY DELIGHTS.<\/strong><\/p>\t\t\t\t\t\t\t\t<\/div>\n\t\t\t\t<\/div>\n\t\t\t\t\t<\/div>\n\t\t<\/div>\n\t\t\t\t\t<\/div>\n\t\t<\/section>\n\t\t\t\t<section data-q_id=\"#oeffnungszeiten\" class=\"elementor-section elementor-top-section elementor-element elementor-element-142d48e elementor-section-boxed elementor-section-height-default elementor-section-height-default parallax_section_no qode_elementor_container_no\" data-id=\"142d48e\" data-element_type=\"section\" data-e-type=\"section\">\n\t\t\t\t\t\t<div class=\"elementor-container elementor-column-gap-default\">\n\t\t\t\t\t<div class=\"elementor-column elementor-col-100 elementor-top-column elementor-element elementor-element-086ff90\" data-id=\"086ff90\" data-element_type=\"column\" data-e-type=\"column\">\n\t\t\t<div class=\"elementor-widget-wrap elementor-element-populated\">\n\t\t\t\t\t\t<div class=\"elementor-element elementor-element-006e343 elementor-widget elementor-widget-heading\" data-id=\"006e343\" data-element_type=\"widget\" data-e-type=\"widget\" data-widget_type=\"heading.default\">\n\t\t\t\t<div class=\"elementor-widget-container\">\n\t\t\t\t\t<h3 class=\"elementor-heading-title elementor-size-default\">Opening hours<\/h3>\t\t\t\t<\/div>\n\t\t\t\t<\/div>\n\t\t\t\t<div class=\"elementor-element elementor-element-77b78af elementor-widget elementor-widget-text-editor\" data-id=\"77b78af\" data-element_type=\"widget\" data-e-type=\"widget\" data-widget_type=\"text-editor.default\">\n\t\t\t\t<div class=\"elementor-widget-container\">\n\t\t\t\t\t\t\t\t\t<p>BREAKFAST: Monday to Saturday from <strong>6:30 a.m. to 10 a.m. <\/strong>|| Sunday <strong>7:30 a.m. to 10 a.m.<\/strong>\u00a0<\/p><p>LUNCH: Exclusively for our conference guests after individual arrangement.<\/p><p>The opening hours for our restaurant vary. House guests can find out the current opening hours at our reception.\u00a0<\/p>\t\t\t\t\t\t\t\t<\/div>\n\t\t\t\t<\/div>\n\t\t\t\t\t<\/div>\n\t\t<\/div>\n\t\t\t\t\t<\/div>\n\t\t<\/section>\n\t\t\t\t<section class=\"elementor-section elementor-top-section elementor-element elementor-element-7757b6c elementor-section-boxed elementor-section-height-default elementor-section-height-default parallax_section_no qode_elementor_container_no\" data-id=\"7757b6c\" data-element_type=\"section\" data-e-type=\"section\">\n\t\t\t\t\t\t<div class=\"elementor-container elementor-column-gap-default\">\n\t\t\t\t\t\t<\/div>\n\t\t<\/section>\n\t\t\t\t<section data-q_id=\"#lieferanten\" class=\"elementor-section elementor-top-section elementor-element elementor-element-b602d99 elementor-section-content-middle elementor-section-boxed elementor-section-height-default elementor-section-height-default parallax_section_no qode_elementor_container_no\" data-id=\"b602d99\" data-element_type=\"section\" data-e-type=\"section\" data-settings=\"{&quot;background_background&quot;:&quot;classic&quot;}\">\n\t\t\t\t\t\t<div class=\"elementor-container elementor-column-gap-no\">\n\t\t\t\t\t<div class=\"elementor-column elementor-col-100 elementor-top-column elementor-element elementor-element-22376f9\" data-id=\"22376f9\" data-element_type=\"column\" data-e-type=\"column\">\n\t\t\t<div class=\"elementor-widget-wrap elementor-element-populated\">\n\t\t\t\t\t\t<div class=\"elementor-element elementor-element-048b732 elementor-widget elementor-widget-heading\" data-id=\"048b732\" data-element_type=\"widget\" data-e-type=\"widget\" data-widget_type=\"heading.default\">\n\t\t\t\t<div class=\"elementor-widget-container\">\n\t\t\t\t\t<h2 class=\"elementor-heading-title elementor-size-default\">Our suppliers<\/h2>\t\t\t\t<\/div>\n\t\t\t\t<\/div>\n\t\t\t\t<div class=\"elementor-element elementor-element-aec4091 elementor-widget elementor-widget-text-editor\" data-id=\"aec4091\" data-element_type=\"widget\" data-e-type=\"widget\" data-widget_type=\"text-editor.default\">\n\t\t\t\t<div class=\"elementor-widget-container\">\n\t\t\t\t\t\t\t\t\t<p>We use mostly local products in the preparation of our meals and drinks.<\/p>\t\t\t\t\t\t\t\t<\/div>\n\t\t\t\t<\/div>\n\t\t\t\t<section class=\"elementor-section elementor-inner-section elementor-element elementor-element-f764d2f elementor-section-boxed elementor-section-height-default elementor-section-height-default parallax_section_no qode_elementor_container_no\" data-id=\"f764d2f\" data-element_type=\"section\" data-e-type=\"section\">\n\t\t\t\t\t\t<div class=\"elementor-container elementor-column-gap-default\">\n\t\t\t\t\t<div class=\"elementor-column elementor-col-33 elementor-inner-column elementor-element elementor-element-1c63b01\" data-id=\"1c63b01\" data-element_type=\"column\" data-e-type=\"column\">\n\t\t\t<div class=\"elementor-widget-wrap elementor-element-populated\">\n\t\t\t\t\t\t<div class=\"elementor-element elementor-element-712e7d6 elementor-widget elementor-widget-bridge_unordered_list\" data-id=\"712e7d6\" data-element_type=\"widget\" data-e-type=\"widget\" data-widget_type=\"bridge_unordered_list.default\">\n\t\t\t\t<div class=\"elementor-widget-container\">\n\t\t\t\t\t<div class=\"q_list circle\">\n\t<ul><li><p><em>Reinholz Kaffee<\/em><\/p><p><a href=\"https:\/\/reinholz-kaffee-shop.de\/\">www.reinholz-kaffee-shop.de<\/a><\/p><\/li><li><p><em>Chiemgaukorn - Der Bio-Hof im Chiemgau<\/em><\/p><p><a href=\"https:\/\/chiemgaukorn.de\/\" target=\"_blank\" rel=\"noopener\">www.chiemgaukorn.de<\/a><\/p><\/li><li><p><em>Saline Luisenhall GmbH<\/em><\/p><p><a href=\"http:\/\/www.siedesalz.de\" target=\"_blank\" rel=\"noopener\">www.siedesalz.de<\/a><\/p><\/li><li><p><em>Haselnuss24 -\u00a0<\/em><br \/><em>Hier gibt es den puren Nussgenuss<\/em><\/p><p><a href=\"http:\/\/www.haselnuss24.de\/\" target=\"_blank\" rel=\"noopener\">www.haselnuss24.de<\/a><\/p><\/li><li><p><em>Gebhardt Essig - <\/em><br \/><em>Essig-Manufaktur GmbH &amp; Co. KG<\/em><\/p><p><a href=\"http:\/\/www.gebhardt-essig.de\/home.html\" target=\"_blank\" rel=\"noopener\">www.gebhardt-essig.de<\/a><\/p><\/li><li><p><em>Rh\u00f6ner Kartoffeln - <\/em><br \/><em>Direktvermarktung Fam. Zentgraf<\/em><\/p><p><a href=\"https:\/\/www.rhoener-kartoffeln.de\/\" target=\"_blank\" rel=\"noopener\">www.rhoener-kartoffeln.de<\/a><\/p><\/li><li><p><em>best M\u00fcsli<\/em><\/p><p><a href=\"https:\/\/www.best-muesli.de\/mueslisorten\/bio\/\" target=\"_blank\" rel=\"noopener\">www.best-muesli.de\/mueslisorten\/bio<\/a><\/p><\/li><\/ul><\/div>\t\t\t\t<\/div>\n\t\t\t\t<\/div>\n\t\t\t\t\t<\/div>\n\t\t<\/div>\n\t\t\t\t<div class=\"elementor-column elementor-col-33 elementor-inner-column elementor-element elementor-element-f51809d\" data-id=\"f51809d\" data-element_type=\"column\" data-e-type=\"column\">\n\t\t\t<div class=\"elementor-widget-wrap elementor-element-populated\">\n\t\t\t\t\t\t<div class=\"elementor-element elementor-element-29a8fc4 elementor-widget elementor-widget-bridge_unordered_list\" data-id=\"29a8fc4\" data-element_type=\"widget\" data-e-type=\"widget\" data-widget_type=\"bridge_unordered_list.default\">\n\t\t\t\t<div class=\"elementor-widget-container\">\n\t\t\t\t\t<div class=\"q_list circle\">\n\t<ul><li><p><em>Hof Wiegand, Flieden<\/em><\/p><p><a href=\"https:\/\/hof-wiegand.de\/\">www.hof-wiegand.de<\/a><\/p><\/li><li><p><em>ARGE Natur\u00f6lm\u00fchle GmbH<\/em><\/p><p><a href=\"http:\/\/www.arge-rapsoel.de\/index.php?id=2\" target=\"_blank\" rel=\"noopener\">www.arge-rapsoel.de<\/a><\/p><\/li><\/ul><ul><li><p><em>Rh\u00f6ner Herzblut Manufaktur - <\/em><br \/><em>regionale K\u00f6stlichkeiten handgemacht<\/em><\/p><p><a href=\"https:\/\/www.rhoener-herzblut.de\/chutneys-und-co\/\" target=\"_blank\" rel=\"noopener\">www.rhoener-herzblut.de\/chutneys-und-co<\/a><\/p><\/li><li><p><em>Gerstoni Gourmet-Gerste \u2013 <\/em><br \/><em>Kerngesund aus der Region<\/em><\/p><p><a href=\"http:\/\/www.gerstoni.de\/\" target=\"_blank\" rel=\"noopener\">www.gerstoni.de<\/a><\/p><\/li><li><p><em>Gefl\u00fcgelhof Bleuel -\u00a0Gesunde Gefl\u00fcgelprodukte aus eigener Aufzucht und Schlachtung<\/em><\/p><p><a href=\"http:\/\/www.gefluegelhof-bleuel.de\/\" target=\"_blank\" rel=\"noopener\">www.gefluegelhof-bleuel.de<\/a><\/p><\/li><\/ul><\/div>\t\t\t\t<\/div>\n\t\t\t\t<\/div>\n\t\t\t\t\t<\/div>\n\t\t<\/div>\n\t\t\t\t<div class=\"elementor-column elementor-col-33 elementor-inner-column elementor-element elementor-element-01b831d\" data-id=\"01b831d\" data-element_type=\"column\" data-e-type=\"column\">\n\t\t\t<div class=\"elementor-widget-wrap elementor-element-populated\">\n\t\t\t\t\t\t<div class=\"elementor-element elementor-element-39ef8ab elementor-widget elementor-widget-bridge_unordered_list\" data-id=\"39ef8ab\" data-element_type=\"widget\" data-e-type=\"widget\" data-widget_type=\"bridge_unordered_list.default\">\n\t\t\t\t<div class=\"elementor-widget-container\">\n\t\t\t\t\t<div class=\"q_list circle\">\n\t<ul><li><p><em>Baldauf Ramsthal GbR - Weingut<\/em><\/p><p><a href=\"http:\/\/www.baldaufwein.de\/\" target=\"_blank\" rel=\"noopener\">www.baldaufwein.de<\/a><\/p><\/li><li><p><em>Fuchsh\u00f6fe - K\u00e4se-Spezialit\u00e4ten von Hofk\u00e4sereien direkt aus Ihrer Region<\/em><\/p><p><a href=\"http:\/\/www.fuchshoefe.de\/\" target=\"_blank\" rel=\"noopener\">www.fuchshoefe.de<\/a><\/p><\/li><li><p><em>Schlitzer Korn- &amp; Edelobstbrennerei GmbH<\/em><\/p><p><a href=\"http:\/\/www.schlitzer-destillerie.de\/\" target=\"_blank\" rel=\"noopener\">www.schlitzer-destillerie.de<\/a><\/p><\/li><li><p><em>Hochstiftliches Brauhaus Fulda GmbH<\/em><\/p><p><a href=\"http:\/\/www.hochstift.de\/\" target=\"_blank\" rel=\"noopener\">www.hochstift.de<\/a><\/p><\/li><li><p><em>BioContor Elm - Qualit\u00e4t aus der Rh\u00f6n<\/em><\/p><p><a href=\"https:\/\/www.biocontorelm.com\/\" target=\"_blank\" rel=\"noopener\">www.biocontorelm.com<\/a><\/p><\/li><li><p><em>F\u00f6rstina-Sprudel Mineral- und Heilquelle<\/em><\/p><p><a href=\"http:\/\/www.foerstina-sprudel.de\/\" target=\"_blank\" rel=\"noopener\">www.foerstina-sprudel.de<\/a><\/p><\/li><\/ul><\/div>\t\t\t\t<\/div>\n\t\t\t\t<\/div>\n\t\t\t\t\t<\/div>\n\t\t<\/div>\n\t\t\t\t\t<\/div>\n\t\t<\/section>\n\t\t\t\t\t<\/div>\n\t\t<\/div>\n\t\t\t\t\t<\/div>\n\t\t<\/section>\n\t\t\t\t<section class=\"elementor-section elementor-top-section elementor-element elementor-element-ba1cced elementor-section-boxed elementor-section-height-default elementor-section-height-default parallax_section_no qode_elementor_container_no\" data-id=\"ba1cced\" data-element_type=\"section\" data-e-type=\"section\">\n\t\t\t\t\t\t<div class=\"elementor-container elementor-column-gap-default\">\n\t\t\t\t\t\t<\/div>\n\t\t<\/section>\n\t\t\t\t<\/div>","protected":false},"excerpt":{"rendered":"<p>Unser Team ist f\u00fcr Sie da Regionale Vielfalt genie\u00dfen Unser Fr\u00fchst\u00fcck Bei uns startet der Tag mit frischen Br\u00f6tchen, Wurst und Aufschnitt liefert die Metzgerei Paul, die sich wie alle unsere Lieferanten f\u00fcr das Thema Nachhaltigkeit starkmacht. Das Fleisch stammt aus der direkten Umgebung, die&#8230;<\/p>","protected":false},"author":1,"featured_media":667,"parent":0,"menu_order":0,"comment_status":"closed","ping_status":"closed","template":"full_width.php","meta":{"footnotes":""},"class_list":["post-331","page","type-page","status-publish","has-post-thumbnail","hentry"],"_links":{"self":[{"href":"https:\/\/hotel-lenz.de\/en\/wp-json\/wp\/v2\/pages\/331","targetHints":{"allow":["GET"]}}],"collection":[{"href":"https:\/\/hotel-lenz.de\/en\/wp-json\/wp\/v2\/pages"}],"about":[{"href":"https:\/\/hotel-lenz.de\/en\/wp-json\/wp\/v2\/types\/page"}],"author":[{"embeddable":true,"href":"https:\/\/hotel-lenz.de\/en\/wp-json\/wp\/v2\/users\/1"}],"replies":[{"embeddable":true,"href":"https:\/\/hotel-lenz.de\/en\/wp-json\/wp\/v2\/comments?post=331"}],"version-history":[{"count":157,"href":"https:\/\/hotel-lenz.de\/en\/wp-json\/wp\/v2\/pages\/331\/revisions"}],"predecessor-version":[{"id":2882,"href":"https:\/\/hotel-lenz.de\/en\/wp-json\/wp\/v2\/pages\/331\/revisions\/2882"}],"wp:featuredmedia":[{"embeddable":true,"href":"https:\/\/hotel-lenz.de\/en\/wp-json\/wp\/v2\/media\/667"}],"wp:attachment":[{"href":"https:\/\/hotel-lenz.de\/en\/wp-json\/wp\/v2\/media?parent=331"}],"curies":[{"name":"wp","href":"https:\/\/api.w.org\/{rel}","templated":true}]}}