{"id":2826,"date":"2025-06-23T10:41:35","date_gmt":"2025-06-23T10:41:35","guid":{"rendered":"https:\/\/hotel-lenz.de\/?page_id=2826"},"modified":"2026-03-09T11:43:01","modified_gmt":"2026-03-09T11:43:01","slug":"barrierefreiheit","status":"publish","type":"page","link":"https:\/\/hotel-lenz.de\/en\/barrierefreiheit\/","title":{"rendered":"Accessibility Statement"},"content":{"rendered":"<div style=\"height:100px\" aria-hidden=\"true\" class=\"wp-block-spacer\"><\/div>\n\n\n\n<h1 class=\"wp-block-heading\">Accessibility Statement<\/h1>\n\n\n\n<div style=\"height:40px\" aria-hidden=\"true\" class=\"wp-block-spacer\"><\/div>\n\n\n\n<p class=\"translation-block\"><strong>Hotel Lenz OhG<\/strong> is committed to digital accessibility for people with disabilities. We are continuously working to improve user-friendliness for everyone and to apply the relevant accessibility standards.<\/p>\n\n\n\n<div style=\"height:50px\" aria-hidden=\"true\" class=\"wp-block-spacer\"><\/div>\n\n\n\n<h2 class=\"wp-block-heading\"><strong>Conformance status<\/strong><\/h2>\n\n\n\n<p>The Web Content Accessibility Guidelines (WCAG) defines requirements for designers and developers to improve accessibility for people with disabilities. It defines three levels of conformance: Level A, Level AA, and Level AAA.<\/p>\n\n\n\n<p class=\"translation-block\"><strong>Hotel Lenz OHG<\/strong> is making constant efforts to improve the accessibility of its site and services in the belief that it is our collective moral obligation to allow seamless, accessible, and unhindered use for those of us with disabilities.<\/p>\n\n\n\n<p class=\"translation-block\">We aim to make all pages and content on <strong>https:\/\/www.hotel-lenz.de<\/strong> accessible, but some content may not yet fully meet the highest accessibility standards. This could be due to challenges in identifying the most suitable technological solution.<\/p>\n\n\n\n<p>We may revise this Statement periodically to reflect improvements or changes to our accessibility practices.<\/p>\n\n\n\n<div style=\"height:50px\" aria-hidden=\"true\" class=\"wp-block-spacer\"><\/div>\n\n\n\n<h2 class=\"wp-block-heading\"><strong>Feedback<\/strong><\/h2>\n\n\n\n<p>We welcome your feedback on the accessibility of <strong>Hotel Lenz OHG<\/strong> website. <strong>Hotel Lenz OhG<\/strong>.<\/p>\n\n\n\n<p>Please let us know if you encounter accessibility barriers on our website:<\/p>\n\n\n\n<p class=\"translation-block\">E-Mail: <a href=\"mailto:info@hotel-lenz.de\" target=\"_self\">info@hotel-lenz.de<\/a><\/p>\n\n\n\n<p>We try to respond to feedback within 3\u20135 business days.<\/p>\n\n\n\n<div style=\"height:30px\" aria-hidden=\"true\" class=\"wp-block-spacer\"><\/div>\n\n\n\n<p><em>This statement was created on 23.06.2025.<\/em><\/p>\n\n\n\n<div style=\"height:100px\" aria-hidden=\"true\" class=\"wp-block-spacer\"><\/div>\n\n\n\n<p><\/p>","protected":false},"excerpt":{"rendered":"<p>Erkl\u00e4rung zur Barrierefreiheit Hotel Lenz OhG setzt sich f\u00fcr die digitale Zug\u00e4nglichkeit f\u00fcr Menschen mit Behinderungen ein. Wir arbeiten kontinuierlich an der Verbesserung der Benutzerfreundlichkeit f\u00fcr alle und an der Anwendung der relevanten Standards f\u00fcr Barrierefreiheit. Konformit\u00e4tsstatus Die Web Content Accessibility Guidelines (WCAG) definieren Anforderungen&#8230;<\/p>","protected":false},"author":2,"featured_media":0,"parent":0,"menu_order":0,"comment_status":"closed","ping_status":"closed","template":"","meta":{"footnotes":""},"class_list":["post-2826","page","type-page","status-publish","hentry"],"_links":{"self":[{"href":"https:\/\/hotel-lenz.de\/en\/wp-json\/wp\/v2\/pages\/2826","targetHints":{"allow":["GET"]}}],"collection":[{"href":"https:\/\/hotel-lenz.de\/en\/wp-json\/wp\/v2\/pages"}],"about":[{"href":"https:\/\/hotel-lenz.de\/en\/wp-json\/wp\/v2\/types\/page"}],"author":[{"embeddable":true,"href":"https:\/\/hotel-lenz.de\/en\/wp-json\/wp\/v2\/users\/2"}],"replies":[{"embeddable":true,"href":"https:\/\/hotel-lenz.de\/en\/wp-json\/wp\/v2\/comments?post=2826"}],"version-history":[{"count":4,"href":"https:\/\/hotel-lenz.de\/en\/wp-json\/wp\/v2\/pages\/2826\/revisions"}],"predecessor-version":[{"id":2956,"href":"https:\/\/hotel-lenz.de\/en\/wp-json\/wp\/v2\/pages\/2826\/revisions\/2956"}],"wp:attachment":[{"href":"https:\/\/hotel-lenz.de\/en\/wp-json\/wp\/v2\/media?parent=2826"}],"curies":[{"name":"wp","href":"https:\/\/api.w.org\/{rel}","templated":true}]}}